{"id":3050,"date":"2021-11-24T11:53:20","date_gmt":"2021-11-24T10:53:20","guid":{"rendered":"https:\/\/euromaticgate.net\/prodotto\/b102\/"},"modified":"2022-02-21T13:22:05","modified_gmt":"2022-02-21T12:22:05","slug":"b102","status":"publish","type":"product","link":"https:\/\/euromaticgate.net\/fr\/prodotto\/b102\/","title":{"rendered":"B102"},"content":{"rendered":"<div class=\"wpb-content-wrapper\"><p>[vc_row][vc_column][vc_column_text]<\/p>\n<p>Cr\u00e9maill\u00e8re M4, \u00e0 visser, en acier galvanis\u00e9<br \/>\nModules de 1m chaque.<br \/>\nPackaging de 4m (4 modules).<\/p>\n<p>[\/vc_column_text][\/vc_column][\/vc_row]<\/p>\n<\/div>","protected":false},"excerpt":{"rendered":"<p><strong>Cr\u00e9maill\u00e8re M4, \u00e0 visser, en acier galvanis\u00e9<br \/>\nModules de 1m chaque.<\/strong><\/p>\n","protected":false},"featured_media":2798,"template":"","meta":{"_acf_changed":false},"product_brand":[],"product_cat":[96],"product_tag":[],"class_list":{"0":"post-3050","1":"product","2":"type-product","3":"status-publish","4":"has-post-thumbnail","6":"product_cat-accessoires","8":"first","9":"instock","10":"shipping-taxable","11":"product-type-simple"},"acf":[],"aioseo_notices":[],"_links":{"self":[{"href":"https:\/\/euromaticgate.net\/fr\/wp-json\/wp\/v2\/product\/3050","targetHints":{"allow":["GET"]}}],"collection":[{"href":"https:\/\/euromaticgate.net\/fr\/wp-json\/wp\/v2\/product"}],"about":[{"href":"https:\/\/euromaticgate.net\/fr\/wp-json\/wp\/v2\/types\/product"}],"wp:featuredmedia":[{"embeddable":true,"href":"https:\/\/euromaticgate.net\/fr\/wp-json\/wp\/v2\/media\/2798"}],"wp:attachment":[{"href":"https:\/\/euromaticgate.net\/fr\/wp-json\/wp\/v2\/media?parent=3050"}],"wp:term":[{"taxonomy":"product_brand","embeddable":true,"href":"https:\/\/euromaticgate.net\/fr\/wp-json\/wp\/v2\/product_brand?post=3050"},{"taxonomy":"product_cat","embeddable":true,"href":"https:\/\/euromaticgate.net\/fr\/wp-json\/wp\/v2\/product_cat?post=3050"},{"taxonomy":"product_tag","embeddable":true,"href":"https:\/\/euromaticgate.net\/fr\/wp-json\/wp\/v2\/product_tag?post=3050"}],"curies":[{"name":"wp","href":"https:\/\/api.w.org\/{rel}","templated":true}]}}