{"id":3053,"date":"2020-11-10T12:26:13","date_gmt":"2020-11-10T11:26:13","guid":{"rendered":"https:\/\/euromaticgate.net\/prodotto\/rc23\/"},"modified":"2022-02-21T13:23:58","modified_gmt":"2022-02-21T12:23:58","slug":"rc23","status":"publish","type":"product","link":"https:\/\/euromaticgate.net\/fr\/prodotto\/rc23\/","title":{"rendered":"RC23"},"content":{"rendered":"<div class=\"wpb-content-wrapper\"><p>[vc_row][vc_column][vc_column_text]<\/p>\n<p>Barre palpeuse \u00e9lectrom\u00e9canique r\u00e9sistive pour portails coulissants.<br \/>\nSupport en aluminium et profil\u00e9 en caoutchouc de 60mm.<br \/>\nComplete avec senseur et c\u00e2ble (2m).<br \/>\nBranchement fail-safe avec r\u00e9sistance 8K2\u03a9<\/p>\n<p>[\/vc_column_text][\/vc_column][\/vc_row]<\/p>\n<\/div>","protected":false},"excerpt":{"rendered":"<p><strong>Barre palpeuse \u00e9lectrom\u00e9canique r\u00e9sistive pour portails coulissants.<\/strong><\/p>\n","protected":false},"featured_media":977,"template":"","meta":{"_acf_changed":false},"product_brand":[],"product_cat":[96],"product_tag":[],"class_list":{"0":"post-3053","1":"product","2":"type-product","3":"status-publish","4":"has-post-thumbnail","6":"product_cat-accessoires","8":"first","9":"instock","10":"shipping-taxable","11":"product-type-simple"},"acf":[],"aioseo_notices":[],"_links":{"self":[{"href":"https:\/\/euromaticgate.net\/fr\/wp-json\/wp\/v2\/product\/3053","targetHints":{"allow":["GET"]}}],"collection":[{"href":"https:\/\/euromaticgate.net\/fr\/wp-json\/wp\/v2\/product"}],"about":[{"href":"https:\/\/euromaticgate.net\/fr\/wp-json\/wp\/v2\/types\/product"}],"wp:featuredmedia":[{"embeddable":true,"href":"https:\/\/euromaticgate.net\/fr\/wp-json\/wp\/v2\/media\/977"}],"wp:attachment":[{"href":"https:\/\/euromaticgate.net\/fr\/wp-json\/wp\/v2\/media?parent=3053"}],"wp:term":[{"taxonomy":"product_brand","embeddable":true,"href":"https:\/\/euromaticgate.net\/fr\/wp-json\/wp\/v2\/product_brand?post=3053"},{"taxonomy":"product_cat","embeddable":true,"href":"https:\/\/euromaticgate.net\/fr\/wp-json\/wp\/v2\/product_cat?post=3053"},{"taxonomy":"product_tag","embeddable":true,"href":"https:\/\/euromaticgate.net\/fr\/wp-json\/wp\/v2\/product_tag?post=3053"}],"curies":[{"name":"wp","href":"https:\/\/api.w.org\/{rel}","templated":true}]}}