{"id":3100,"date":"2020-11-10T11:40:21","date_gmt":"2020-11-10T10:40:21","guid":{"rendered":"https:\/\/euromaticgate.net\/prodotto\/ready\/"},"modified":"2022-02-21T15:03:43","modified_gmt":"2022-02-21T14:03:43","slug":"ready","status":"publish","type":"product","link":"https:\/\/euromaticgate.net\/fr\/prodotto\/ready\/","title":{"rendered":"Ready"},"content":{"rendered":"<div class=\"wpb-content-wrapper\"><p>[vc_row][vc_column][vc_column_text]R\u00e9cepteur radio d\u00e9port\u00e9, disponible \u00e0 1Ch ou 4Ch.[\/vc_column_text][\/vc_column][\/vc_row]<\/p>\n<\/div>","protected":false},"excerpt":{"rendered":"<div class=\"descr-breve\">\n<strong>R\u00e9cepteur radio d\u00e9port\u00e9, disponible \u00e0 1Ch ou 4Ch<\/strong>\n<\/div>\n","protected":false},"featured_media":1196,"template":"","meta":{"_acf_changed":false},"product_brand":[],"product_cat":[96,97],"product_tag":[],"class_list":{"0":"post-3100","1":"product","2":"type-product","3":"status-publish","4":"has-post-thumbnail","6":"product_cat-accessoires","7":"product_cat-systemes-radio","9":"first","10":"instock","11":"shipping-taxable","12":"product-type-simple"},"acf":[],"aioseo_notices":[],"_links":{"self":[{"href":"https:\/\/euromaticgate.net\/fr\/wp-json\/wp\/v2\/product\/3100","targetHints":{"allow":["GET"]}}],"collection":[{"href":"https:\/\/euromaticgate.net\/fr\/wp-json\/wp\/v2\/product"}],"about":[{"href":"https:\/\/euromaticgate.net\/fr\/wp-json\/wp\/v2\/types\/product"}],"wp:featuredmedia":[{"embeddable":true,"href":"https:\/\/euromaticgate.net\/fr\/wp-json\/wp\/v2\/media\/1196"}],"wp:attachment":[{"href":"https:\/\/euromaticgate.net\/fr\/wp-json\/wp\/v2\/media?parent=3100"}],"wp:term":[{"taxonomy":"product_brand","embeddable":true,"href":"https:\/\/euromaticgate.net\/fr\/wp-json\/wp\/v2\/product_brand?post=3100"},{"taxonomy":"product_cat","embeddable":true,"href":"https:\/\/euromaticgate.net\/fr\/wp-json\/wp\/v2\/product_cat?post=3100"},{"taxonomy":"product_tag","embeddable":true,"href":"https:\/\/euromaticgate.net\/fr\/wp-json\/wp\/v2\/product_tag?post=3100"}],"curies":[{"name":"wp","href":"https:\/\/api.w.org\/{rel}","templated":true}]}}