{"id":3102,"date":"2021-11-24T12:57:40","date_gmt":"2021-11-24T11:57:40","guid":{"rendered":"https:\/\/euromaticgate.net\/prodotto\/rf33\/"},"modified":"2022-03-11T12:13:27","modified_gmt":"2022-03-11T11:13:27","slug":"rf33","status":"publish","type":"product","link":"https:\/\/euromaticgate.net\/fr\/prodotto\/rf33\/","title":{"rendered":"RF33"},"content":{"rendered":"<div class=\"wpb-content-wrapper\"><p>[vc_row][vc_column][vc_column_text]<\/p>\n<p>Jeu photocellules sans fils pour portails motoris\u00e9s. <br \/>\nPhotocellule r\u00e9ceptrice avec branchement filaire \u00e0 la carte de gestion et cellule transmettrice aliment\u00e9e par batterie. Bornier pour le branchement d\u2019une barre palpeuse de s\u00e9curit\u00e9.<br \/>\nAlimentation 12\/24V ac\/dc<\/p>\n<p>[\/vc_column_text][\/vc_column][\/vc_row]<\/p>\n<\/div>","protected":false},"excerpt":{"rendered":"<div class=\"descr-breve\"><strong>Jeu photocellules sans fils pour portails motoris\u00e9s.<\/strong><\/div>\n","protected":false},"featured_media":1208,"template":"","meta":{"_acf_changed":false},"product_brand":[],"product_cat":[96,98],"product_tag":[],"class_list":{"0":"post-3102","1":"product","2":"type-product","3":"status-publish","4":"has-post-thumbnail","6":"product_cat-accessoires","7":"product_cat-securite","9":"first","10":"instock","11":"shipping-taxable","12":"product-type-simple"},"acf":[],"aioseo_notices":[],"_links":{"self":[{"href":"https:\/\/euromaticgate.net\/fr\/wp-json\/wp\/v2\/product\/3102","targetHints":{"allow":["GET"]}}],"collection":[{"href":"https:\/\/euromaticgate.net\/fr\/wp-json\/wp\/v2\/product"}],"about":[{"href":"https:\/\/euromaticgate.net\/fr\/wp-json\/wp\/v2\/types\/product"}],"wp:featuredmedia":[{"embeddable":true,"href":"https:\/\/euromaticgate.net\/fr\/wp-json\/wp\/v2\/media\/1208"}],"wp:attachment":[{"href":"https:\/\/euromaticgate.net\/fr\/wp-json\/wp\/v2\/media?parent=3102"}],"wp:term":[{"taxonomy":"product_brand","embeddable":true,"href":"https:\/\/euromaticgate.net\/fr\/wp-json\/wp\/v2\/product_brand?post=3102"},{"taxonomy":"product_cat","embeddable":true,"href":"https:\/\/euromaticgate.net\/fr\/wp-json\/wp\/v2\/product_cat?post=3102"},{"taxonomy":"product_tag","embeddable":true,"href":"https:\/\/euromaticgate.net\/fr\/wp-json\/wp\/v2\/product_tag?post=3102"}],"curies":[{"name":"wp","href":"https:\/\/api.w.org\/{rel}","templated":true}]}}