{"id":3113,"date":"2020-10-30T17:26:23","date_gmt":"2020-10-30T16:26:23","guid":{"rendered":"https:\/\/euromaticgate.net\/prodotto\/techno\/"},"modified":"2025-08-05T15:41:48","modified_gmt":"2025-08-05T13:41:48","slug":"techno","status":"publish","type":"product","link":"https:\/\/euromaticgate.net\/fr\/prodotto\/techno\/","title":{"rendered":"Techno"},"content":{"rendered":"<div class=\"wpb-content-wrapper\"><p>[vc_row][vc_column][vc_column_text]Puissant et compact, id\u00e9al pour motoriser la grande majorit\u00e9 de portails r\u00e9sidentiels et collectifs.<br \/>\nV\u00e9rins \u00e9lectrom\u00e9caniques autobloquants, compl\u00e8tement en aluminium avec tube inox.<br \/>\nSyst\u00e8me de transmission t\u00e9lescopique et pattes multi-position qui ne n\u00e9cessitent pas de soudure.<br \/>\nCarte de gestion avec fonction de d\u00e9tection d&rsquo;obstacles, anti-\u00e9crasement, et proc\u00e9dure simplifi\u00e9e d\u2019apprentissage.<br \/>\nDisponible en version 230V et 24V.[\/vc_column_text]\n\t\t<!--New Tabs-->\n\t\t<div class=\"newtabs clearfix horizontal  minimal_style\">\n\t\t\t<ul class=\"resp-tabs-list\">\n\t\t\t<\/ul>\n\t\t\t<div class=\"resp-tabs-container\">\n\t\t<div class=\"single_tab_div\" rel-title=\"Techno 3\/4\/5\/6 230V\" rel-icon=\"\">[vc_column_text]<\/p>\n<table class=\"scheda-prodotto\">\n<thead>\n<tr>\n<td class=\"item-td\">Alimentation<\/td>\n<td>V<\/td>\n<td>230V~50Hz<\/td>\n<\/tr>\n<tr>\n<td class=\"item-td\">Absorption<\/td>\n<td>A<\/td>\n<td>1,2 &#8211; 1,7A<\/td>\n<\/tr>\n<tr>\n<td class=\"item-td\">Puissance<\/td>\n<td>W<\/td>\n<td>280W<\/td>\n<\/tr>\n<tr>\n<td class=\"item-td\">Condensateur<\/td>\n<td>\u03bcF<\/td>\n<td>8 \u03bcF<\/td>\n<\/tr>\n<tr>\n<td class=\"item-td\">Protection thermique<\/td>\n<td>\u00b0C<\/td>\n<td>150\u00b0C<\/td>\n<\/tr>\n<tr>\n<td class=\"item-td\">Pouss\u00e9e maximale<\/td>\n<td>N<\/td>\n<td>2800 N<\/td>\n<\/tr>\n<tr>\n<td class=\"item-td\">Protection IP<\/td>\n<td>IP<\/td>\n<td>IP44<\/td>\n<\/tr>\n<tr>\n<td class=\"item-td\">Tours moteur<\/td>\n<td>g\/m<\/td>\n<td>1400<\/td>\n<\/tr>\n<tr>\n<td class=\"item-td\">Angle d&rsquo;ouverture max<\/td>\n<td>deg<\/td>\n<td>110\u00b0<\/td>\n<\/tr>\n<tr>\n<td class=\"item-td\">Temps d&rsquo;ouverture 90\u00b0 (Techno 3)<\/td>\n<td>sec<\/td>\n<td>7&Prime;<\/td>\n<\/tr>\n<tr>\n<td class=\"item-td\">Temps d&rsquo;ouverture 90\u00b0 (Techno 4)<\/td>\n<td>sec<\/td>\n<td>22&Prime;<\/td>\n<\/tr>\n<tr>\n<td class=\"item-td\">Temps d&rsquo;ouverture 90\u00b0 (Techno 5)<\/td>\n<td>sec<\/td>\n<td>27&Prime;<\/td>\n<\/tr>\n<tr>\n<td class=\"item-td\">Temps d&rsquo;ouverture 90\u00b0 (Techno 6)<\/td>\n<td>sec<\/td>\n<td>32&Prime;<\/td>\n<\/tr>\n<tr>\n<td class=\"item-td\">Poids maximum vantail (Techno 3\/4)<\/td>\n<td>Kg<\/td>\n<td>350Kg<\/td>\n<\/tr>\n<tr>\n<td class=\"item-td\">Poids maximum vantail (Techno 5)<\/td>\n<td>Kg<\/td>\n<td>250Kg<\/td>\n<\/tr>\n<tr>\n<td class=\"item-td\">Poids maximum vantail (Techno 6)<\/td>\n<td>Kg<\/td>\n<td>200Kg<\/td>\n<\/tr>\n<tr>\n<td class=\"item-td\">Longueur maximale du vantail (Techno 3)<\/td>\n<td>m<\/td>\n<td>2,00 m<\/td>\n<\/tr>\n<tr>\n<td class=\"item-td\">Longueur maximale du vantail (Techno 4)<\/td>\n<td>m<\/td>\n<td>2,80 m<\/td>\n<\/tr>\n<tr>\n<td class=\"item-td\">Longueur maximale du vantail (Techno 5)<\/td>\n<td>m<\/td>\n<td>3,50m<\/td>\n<\/tr>\n<tr>\n<td class=\"item-td\">Longueur maximale du vantail (Techno 6)<\/td>\n<td>m<\/td>\n<td>4,00m<\/td>\n<\/tr>\n<tr>\n<td class=\"item-td\">Cycle de service<\/td>\n<td>%<\/td>\n<td>40%<\/td>\n<\/tr>\n<\/thead>\n<\/table>\n<p>[\/vc_column_text]<\/div><div class=\"single_tab_div\" rel-title=\"Techno 3\/4\/5 115V\" rel-icon=\"\">[vc_column_text]<\/p>\n<table class=\"scheda-prodotto\">\n<thead>\n<tr>\n<td class=\"item-td\">Alimentation<\/td>\n<td>V<\/td>\n<td>110V ~ 60Hz<\/td>\n<\/tr>\n<tr>\n<td class=\"item-td\">Absorption<\/td>\n<td>A<\/td>\n<td>2.0 &#8211; 2.3A<\/td>\n<\/tr>\n<tr>\n<td class=\"item-td\">Puissance<\/td>\n<td>W<\/td>\n<td>300 W<\/td>\n<\/tr>\n<tr>\n<td class=\"item-td\">Condensateur<\/td>\n<td>\u03bcF<\/td>\n<td>30 \u03bcF<\/td>\n<\/tr>\n<tr>\n<td class=\"item-td\">Protection thermique<\/td>\n<td>\u00b0C<\/td>\n<td>150\u00b0C<\/td>\n<\/tr>\n<tr>\n<td class=\"item-td\">Pouss\u00e9e maximale<\/td>\n<td>N<\/td>\n<td>3000 N<\/td>\n<\/tr>\n<tr>\n<td class=\"item-td\">Protection IP<\/td>\n<td>IP<\/td>\n<td>IP44<\/td>\n<\/tr>\n<tr>\n<td class=\"item-td\">Tours moteur<\/td>\n<td>g\/m<\/td>\n<td>1700<\/td>\n<\/tr>\n<tr>\n<td class=\"item-td\">Angle d&rsquo;ouverture max<\/td>\n<td>deg<\/td>\n<td>110\u00b0<\/td>\n<\/tr>\n<tr>\n<td class=\"item-td\">Temps d&rsquo;ouverture 90\u00b0 (Techno 3)<\/td>\n<td>sec<\/td>\n<td>14&Prime;<\/td>\n<\/tr>\n<tr>\n<td class=\"item-td\">Temps d&rsquo;ouverture 90\u00b0 (Techno 4)<\/td>\n<td>sec<\/td>\n<td>18&Prime;<\/td>\n<\/tr>\n<tr>\n<td class=\"item-td\">Temps d&rsquo;ouverture 90\u00b0 (Techno 5)<\/td>\n<td>sec<\/td>\n<td>22&Prime;<\/td>\n<\/tr>\n<tr>\n<td class=\"item-td\">Poids maximum vantail (Techno 3)<\/td>\n<td>Kg<\/td>\n<td>300Kg<\/td>\n<\/tr>\n<tr>\n<td class=\"item-td\">Poids maximum vantail (Techno 4)<\/td>\n<td>Kg<\/td>\n<td>250Kg<\/td>\n<\/tr>\n<tr>\n<td class=\"item-td\">Poids maximum vantail (Techno 5)<\/td>\n<td>Kg<\/td>\n<td>200Kg<\/td>\n<\/tr>\n<tr>\n<td class=\"item-td\">Longueur maximale du vantail (Techno 3)<\/td>\n<td>m<\/td>\n<td>2,00 m<\/td>\n<\/tr>\n<tr>\n<td class=\"item-td\">Longueur maximale du vantail (Techno 4)<\/td>\n<td>m<\/td>\n<td>2,80 m<\/td>\n<\/tr>\n<tr>\n<td class=\"item-td\">Longueur maximale du vantail (Techno 5)<\/td>\n<td>m<\/td>\n<td>3,50m<\/td>\n<\/tr>\n<tr>\n<td class=\"item-td\">Cycle de service<\/td>\n<td>%<\/td>\n<td>40%<\/td>\n<\/tr>\n<\/thead>\n<\/table>\n<p>[\/vc_column_text]<\/div><div class=\"single_tab_div\" rel-title=\"Techno 3\/4\/5 24V\" rel-icon=\"\">[vc_column_text]<\/p>\n<table class=\"scheda-prodotto\">\n<thead>\n<tr>\n<td class=\"item-td\">Alimentation<\/td>\n<td>V<\/td>\n<td>24V dc<\/td>\n<\/tr>\n<tr>\n<td class=\"item-td\">Absorption<\/td>\n<td>A<\/td>\n<td>0.5 &#8211; 0.75A<\/td>\n<\/tr>\n<tr>\n<td class=\"item-td\">Puissance<\/td>\n<td>W<\/td>\n<td>50 W<\/td>\n<\/tr>\n<tr>\n<td class=\"item-td\">Condensateur<\/td>\n<td>\u03bcF<\/td>\n<td>&#8211;<\/td>\n<\/tr>\n<tr>\n<td class=\"item-td\">Protection thermique<\/td>\n<td>\u00b0C<\/td>\n<td>&#8211;<\/td>\n<\/tr>\n<tr>\n<td class=\"item-td\">Pouss\u00e9e maximale<\/td>\n<td>N<\/td>\n<td>2500 N<\/td>\n<\/tr>\n<tr>\n<td class=\"item-td\">Protection IP<\/td>\n<td>IP<\/td>\n<td>IP44<\/td>\n<\/tr>\n<tr>\n<td class=\"item-td\">Tours moteur<\/td>\n<td>g\/m<\/td>\n<td>1600<\/td>\n<\/tr>\n<tr>\n<td class=\"item-td\">Angle d&rsquo;ouverture max<\/td>\n<td>deg<\/td>\n<td>110\u00b0<\/td>\n<\/tr>\n<tr>\n<td class=\"item-td\">Temps d&rsquo;ouverture 90\u00b0 (Techno 3)<\/td>\n<td>sec<\/td>\n<td>15&Prime;<\/td>\n<\/tr>\n<tr>\n<td class=\"item-td\">Temps d&rsquo;ouverture 90\u00b0 (Techno 4)<\/td>\n<td>sec<\/td>\n<td>20&Prime;<\/td>\n<\/tr>\n<tr>\n<td class=\"item-td\">Temps d&rsquo;ouverture 90\u00b0 (Techno 5)<\/td>\n<td>sec<\/td>\n<td>25&Prime;<\/td>\n<\/tr>\n<tr>\n<td class=\"item-td\">Poids maximum vantail (Techno 3)<\/td>\n<td>Kg<\/td>\n<td>275Kg<\/td>\n<\/tr>\n<tr>\n<td class=\"item-td\">Poids maximum vantail (Techno 4)<\/td>\n<td>Kg<\/td>\n<td>250Kg<\/td>\n<\/tr>\n<tr>\n<td class=\"item-td\">Poids maximum vantail (Techno 5)<\/td>\n<td>Kg<\/td>\n<td>150Kg<\/td>\n<\/tr>\n<tr>\n<td class=\"item-td\">Longueur maximale du vantail (Techno 3)<\/td>\n<td>m<\/td>\n<td>2,00 m<\/td>\n<\/tr>\n<tr>\n<td class=\"item-td\">Longueur maximale du vantail (Techno 4)<\/td>\n<td>m<\/td>\n<td>2,50 m<\/td>\n<\/tr>\n<tr>\n<td class=\"item-td\">Longueur maximale du vantail (Techno 5)<\/td>\n<td>m<\/td>\n<td>3,00m<\/td>\n<\/tr>\n<tr>\n<td class=\"item-td\">Cycle de service<\/td>\n<td>%<\/td>\n<td>80%<\/td>\n<\/tr>\n<\/thead>\n<\/table>\n<p>[\/vc_column_text]<\/div><\/div>\n\t\t\t\t<\/div>[\/vc_column][\/vc_row]<\/p>\n<\/div>","protected":false},"excerpt":{"rendered":"<p><strong>Automatisme pour portails battants jusqu\u2019\u00e0 4 m par vantail.<\/strong><br \/>\nPuissant et compact, id\u00e9al pour motoriser la grande majorit\u00e9 de portails r\u00e9sidentiels et collectifs.<\/p>\n","protected":false},"featured_media":4616,"template":"","meta":{"_acf_changed":false},"product_brand":[],"product_cat":[67],"product_tag":[],"class_list":{"0":"post-3113","1":"product","2":"type-product","3":"status-publish","4":"has-post-thumbnail","6":"product_cat-portails-battants","8":"first","9":"instock","10":"shipping-taxable","11":"product-type-simple"},"acf":[],"aioseo_notices":[],"_links":{"self":[{"href":"https:\/\/euromaticgate.net\/fr\/wp-json\/wp\/v2\/product\/3113","targetHints":{"allow":["GET"]}}],"collection":[{"href":"https:\/\/euromaticgate.net\/fr\/wp-json\/wp\/v2\/product"}],"about":[{"href":"https:\/\/euromaticgate.net\/fr\/wp-json\/wp\/v2\/types\/product"}],"wp:featuredmedia":[{"embeddable":true,"href":"https:\/\/euromaticgate.net\/fr\/wp-json\/wp\/v2\/media\/4616"}],"wp:attachment":[{"href":"https:\/\/euromaticgate.net\/fr\/wp-json\/wp\/v2\/media?parent=3113"}],"wp:term":[{"taxonomy":"product_brand","embeddable":true,"href":"https:\/\/euromaticgate.net\/fr\/wp-json\/wp\/v2\/product_brand?post=3113"},{"taxonomy":"product_cat","embeddable":true,"href":"https:\/\/euromaticgate.net\/fr\/wp-json\/wp\/v2\/product_cat?post=3113"},{"taxonomy":"product_tag","embeddable":true,"href":"https:\/\/euromaticgate.net\/fr\/wp-json\/wp\/v2\/product_tag?post=3113"}],"curies":[{"name":"wp","href":"https:\/\/api.w.org\/{rel}","templated":true}]}}